{"id":1917,"date":"2024-02-21T20:58:46","date_gmt":"2024-02-21T19:58:46","guid":{"rendered":"http:\/\/praxis-naturheilkunde.ch\/site-in-progress\/?page_id=1917"},"modified":"2026-04-16T14:40:53","modified_gmt":"2026-04-16T13:40:53","slug":"kontakt","status":"publish","type":"page","link":"https:\/\/praxis-naturheilkunde.ch\/en\/kontakt\/","title":{"rendered":"Contact"},"content":{"rendered":"<div data-elementor-type=\"wp-page\" data-elementor-id=\"1917\" class=\"elementor elementor-1917\">\n\t\t\t\t<div class=\"elementor-element elementor-element-b76fed2 e-flex e-con-boxed e-con e-parent\" data-id=\"b76fed2\" data-element_type=\"container\" data-e-type=\"container\">\n\t\t\t\t\t<div class=\"e-con-inner\">\n\t\t\t\t<div class=\"elementor-element elementor-element-07ff1bd elementor-widget__width-inherit elementor-widget elementor-widget-heading\" data-id=\"07ff1bd\" data-element_type=\"widget\" data-e-type=\"widget\" data-widget_type=\"heading.default\">\n\t\t\t\t<div class=\"elementor-widget-container\">\n\t\t\t\t\t<h1 class=\"elementor-heading-title elementor-size-default\">Get in contact<\/h1>\t\t\t\t<\/div>\n\t\t\t\t<\/div>\n\t\t\t\t<div class=\"elementor-element elementor-element-2f7bd4f elementor-widget-divider--view-line elementor-widget elementor-widget-divider\" data-id=\"2f7bd4f\" data-element_type=\"widget\" data-e-type=\"widget\" data-widget_type=\"divider.default\">\n\t\t\t\t<div class=\"elementor-widget-container\">\n\t\t\t\t\t\t\t<div class=\"elementor-divider\">\n\t\t\t<span class=\"elementor-divider-separator\">\n\t\t\t\t\t\t<\/span>\n\t\t<\/div>\n\t\t\t\t\t\t<\/div>\n\t\t\t\t<\/div>\n\t\t\t\t\t<\/div>\n\t\t\t\t<\/div>\n\t\t<div class=\"elementor-element elementor-element-9a50efc e-flex e-con-boxed e-con e-parent\" data-id=\"9a50efc\" data-element_type=\"container\" data-e-type=\"container\">\n\t\t\t\t\t<div class=\"e-con-inner\">\n\t\t<div class=\"elementor-element elementor-element-1416020 e-con-full e-flex e-con e-child\" data-id=\"1416020\" data-element_type=\"container\" data-e-type=\"container\">\n\t\t\t\t<div class=\"elementor-element elementor-element-ff09991 elementor-widget-mobile__width-initial elementor-widget elementor-widget-text-editor\" data-id=\"ff09991\" data-element_type=\"widget\" data-e-type=\"widget\" data-widget_type=\"text-editor.default\">\n\t\t\t\t<div class=\"elementor-widget-container\">\n\t\t\t\t\t\t\t\t\t<p>Seraphine Rohrer<\/p>\t\t\t\t\t\t\t\t<\/div>\n\t\t\t\t<\/div>\n\t\t\t\t<div class=\"elementor-element elementor-element-a1cba25 elementor-widget-mobile__width-initial elementor-widget elementor-widget-text-editor\" data-id=\"a1cba25\" data-element_type=\"widget\" data-e-type=\"widget\" data-widget_type=\"text-editor.default\">\n\t\t\t\t<div class=\"elementor-widget-container\">\n\t\t\t\t\t\t\t\t\t<p><span style=\"text-align: var(--text-align); letter-spacing: 0.1px;\"><span style=\"font-size: 18px;\">Naturheilpraktikerin TEN und Apothekerin<br \/><\/span><\/span><span style=\"text-align: var(--text-align); letter-spacing: 0.1px;\"><span style=\"font-size: 18px;\">Stampfenbachstrasse 123<br \/>8006 Z\u00fcrich<\/span><\/span><\/p><p><a href=\"mailto:info@praxis-naturheilkunde.ch\">Mail: info@praxis-naturheilkunde.ch<\/a><br \/>Tel.: 079 832 57 81<\/p><p><span style=\"font-family: Circular, sans-serif; font-size: 18px; font-style: normal; font-variant-ligatures: normal; font-variant-caps: normal; letter-spacing: 0.1px;\">ZSR-Nr. S908764<\/span><\/p>\t\t\t\t\t\t\t\t<\/div>\n\t\t\t\t<\/div>\n\t\t\t\t<\/div>\n\t\t<div class=\"elementor-element elementor-element-29fee54 e-con-full e-flex e-con e-child\" data-id=\"29fee54\" data-element_type=\"container\" data-e-type=\"container\">\n\t\t\t\t<div class=\"elementor-element elementor-element-62b0d6c elementor-widget elementor-widget-image\" data-id=\"62b0d6c\" data-element_type=\"widget\" data-e-type=\"widget\" data-widget_type=\"image.default\">\n\t\t\t\t<div class=\"elementor-widget-container\">\n\t\t\t\t\t\t\t\t\t\t\t\t\t\t\t<img fetchpriority=\"high\" decoding=\"async\" width=\"1024\" height=\"287\" src=\"https:\/\/praxis-naturheilkunde.ch\/wp-content\/uploads\/2024\/02\/emr_zertifiziert_gs-1024x287.png\" class=\"attachment-large size-large wp-image-2242\" alt=\"\" srcset=\"https:\/\/praxis-naturheilkunde.ch\/wp-content\/uploads\/2024\/02\/emr_zertifiziert_gs-1024x287.png 1024w, https:\/\/praxis-naturheilkunde.ch\/wp-content\/uploads\/2024\/02\/emr_zertifiziert_gs-300x84.png 300w, https:\/\/praxis-naturheilkunde.ch\/wp-content\/uploads\/2024\/02\/emr_zertifiziert_gs-768x215.png 768w, https:\/\/praxis-naturheilkunde.ch\/wp-content\/uploads\/2024\/02\/emr_zertifiziert_gs-1536x431.png 1536w, https:\/\/praxis-naturheilkunde.ch\/wp-content\/uploads\/2024\/02\/emr_zertifiziert_gs-2048x574.png 2048w\" sizes=\"(max-width: 1024px) 100vw, 1024px\" \/>\t\t\t\t\t\t\t\t\t\t\t\t\t\t\t<\/div>\n\t\t\t\t<\/div>\n\t\t\t\t<\/div>\n\t\t\t\t\t<\/div>\n\t\t\t\t<\/div>\n\t\t<div class=\"elementor-element elementor-element-6c7509a e-flex e-con-boxed e-con e-parent\" data-id=\"6c7509a\" data-element_type=\"container\" data-e-type=\"container\">\n\t\t\t\t\t<div class=\"e-con-inner\">\n\t\t\t\t<div class=\"elementor-element elementor-element-8121553 elementor-invisible elementor-widget elementor-widget-button\" data-id=\"8121553\" data-element_type=\"widget\" data-e-type=\"widget\" data-settings=\"{&quot;_animation&quot;:&quot;fadeInUp&quot;}\" data-widget_type=\"button.default\">\n\t\t\t\t<div class=\"elementor-widget-container\">\n\t\t\t\t\t\t\t\t\t<div class=\"elementor-button-wrapper\">\n\t\t\t\t\t<a class=\"elementor-button elementor-button-link elementor-size-sm\" href=\"https:\/\/app.healthadvisor.ch\/bookings\/ac50807326204c179f98cdc3bf909bb8\" target=\"_blank\">\n\t\t\t\t\t\t<span class=\"elementor-button-content-wrapper\">\n\t\t\t\t\t\t\t\t\t<span class=\"elementor-button-text\">Termin vereinbaren<\/span>\n\t\t\t\t\t<\/span>\n\t\t\t\t\t<\/a>\n\t\t\t\t<\/div>\n\t\t\t\t\t\t\t\t<\/div>\n\t\t\t\t<\/div>\n\t\t\t\t\t<\/div>\n\t\t\t\t<\/div>\n\t\t<div class=\"elementor-element elementor-element-3bd53f2 e-con-full e-flex e-con e-parent\" data-id=\"3bd53f2\" data-element_type=\"container\" data-e-type=\"container\" data-settings=\"{&quot;background_background&quot;:&quot;classic&quot;}\">\n\t\t\t\t<div class=\"elementor-element elementor-element-5571f1d elementor-widget elementor-widget-google_maps\" data-id=\"5571f1d\" data-element_type=\"widget\" data-e-type=\"widget\" data-widget_type=\"google_maps.default\">\n\t\t\t\t<div class=\"elementor-widget-container\">\n\t\t\t\t\t\t\t<div class=\"elementor-custom-embed\">\n\t\t\t<iframe loading=\"lazy\"\n\t\t\t\t\tsrc=\"https:\/\/maps.google.com\/maps?q=Stampfenbachstrasse%20123%2C%208006%20Z%C3%BCrich&#038;t=m&#038;z=14&#038;output=embed&#038;iwloc=near\"\n\t\t\t\t\ttitle=\"Stampfenbachstrasse 123, 8006 Z\u00fcrich\"\n\t\t\t\t\taria-label=\"Stampfenbachstrasse 123, 8006 Z\u00fcrich\"\n\t\t\t><\/iframe>\n\t\t<\/div>\n\t\t\t\t\t\t<\/div>\n\t\t\t\t<\/div>\n\t\t\t\t<\/div>\n\t\t\t\t<\/div>","protected":false},"excerpt":{"rendered":"<p>Kontaktieren Sie mich Seraphine Rohrer Naturheilpraktikerin TEN und ApothekerinStampfenbachstrasse 1238006 Z\u00fcrich Mail: info@praxis-naturheilkunde.chTel.: 079 832 57 81 ZSR-Nr. S908764 Termin vereinbaren<\/p>","protected":false},"author":4,"featured_media":0,"parent":0,"menu_order":5,"comment_status":"closed","ping_status":"closed","template":"elementor_header_footer","meta":{"footnotes":""},"class_list":["post-1917","page","type-page","status-publish","hentry","entry"],"yoast_head":"<!-- This site is optimized with the Yoast SEO plugin v27.4 - https:\/\/yoast.com\/product\/yoast-seo-wordpress\/ -->\n<title>Kontakt - Praxis f\u00fcr integrative Naturheilkunde<\/title>\n<meta name=\"description\" content=\"Kontaktieren Sie die Praxis f\u00fcr integrative Naturheilkunde in der Toppharm Zentrums Apotheke, Regensdorf\/Z\u00fcrich.\" \/>\n<meta name=\"robots\" content=\"index, follow, max-snippet:-1, max-image-preview:large, max-video-preview:-1\" \/>\n<link rel=\"canonical\" href=\"https:\/\/praxis-naturheilkunde.ch\/en\/kontakt\/\" \/>\n<meta property=\"og:locale\" content=\"en_GB\" \/>\n<meta property=\"og:type\" content=\"article\" \/>\n<meta property=\"og:title\" content=\"Kontakt - Praxis f\u00fcr integrative Naturheilkunde\" \/>\n<meta property=\"og:description\" content=\"Kontaktieren Sie die Praxis f\u00fcr integrative Naturheilkunde in der Toppharm Zentrums Apotheke, Regensdorf\/Z\u00fcrich.\" \/>\n<meta property=\"og:url\" content=\"https:\/\/praxis-naturheilkunde.ch\/en\/kontakt\/\" \/>\n<meta property=\"og:site_name\" content=\"Praxis f\u00fcr integrative Naturheilkunde\" \/>\n<meta property=\"article:modified_time\" content=\"2026-04-16T13:40:53+00:00\" \/>\n<meta property=\"og:image\" content=\"https:\/\/praxis-naturheilkunde.ch\/wp-content\/uploads\/2024\/02\/emr_zertifiziert_gs.png\" \/>\n\t<meta property=\"og:image:width\" content=\"2094\" \/>\n\t<meta property=\"og:image:height\" content=\"587\" \/>\n\t<meta property=\"og:image:type\" content=\"image\/png\" \/>\n<meta name=\"twitter:card\" content=\"summary_large_image\" \/>\n<meta name=\"twitter:label1\" content=\"Estimated reading time\" \/>\n\t<meta name=\"twitter:data1\" content=\"1 minute\" \/>\n<script type=\"application\/ld+json\" class=\"yoast-schema-graph\">{\"@context\":\"https:\\\/\\\/schema.org\",\"@graph\":[{\"@type\":\"WebPage\",\"@id\":\"https:\\\/\\\/praxis-naturheilkunde.ch\\\/kontakt\\\/\",\"url\":\"https:\\\/\\\/praxis-naturheilkunde.ch\\\/kontakt\\\/\",\"name\":\"Kontakt - Praxis f\u00fcr integrative Naturheilkunde\",\"isPartOf\":{\"@id\":\"https:\\\/\\\/praxis-naturheilkunde.ch\\\/#website\"},\"primaryImageOfPage\":{\"@id\":\"https:\\\/\\\/praxis-naturheilkunde.ch\\\/kontakt\\\/#primaryimage\"},\"image\":{\"@id\":\"https:\\\/\\\/praxis-naturheilkunde.ch\\\/kontakt\\\/#primaryimage\"},\"thumbnailUrl\":\"https:\\\/\\\/praxis-naturheilkunde.ch\\\/wp-content\\\/uploads\\\/2024\\\/02\\\/emr_zertifiziert_gs-1024x287.png\",\"datePublished\":\"2024-02-21T19:58:46+00:00\",\"dateModified\":\"2026-04-16T13:40:53+00:00\",\"description\":\"Kontaktieren Sie die Praxis f\u00fcr integrative Naturheilkunde in der Toppharm Zentrums Apotheke, Regensdorf\\\/Z\u00fcrich.\",\"inLanguage\":\"en-GB\",\"potentialAction\":[{\"@type\":\"ReadAction\",\"target\":[\"https:\\\/\\\/praxis-naturheilkunde.ch\\\/kontakt\\\/\"]}]},{\"@type\":\"ImageObject\",\"inLanguage\":\"en-GB\",\"@id\":\"https:\\\/\\\/praxis-naturheilkunde.ch\\\/kontakt\\\/#primaryimage\",\"url\":\"https:\\\/\\\/praxis-naturheilkunde.ch\\\/wp-content\\\/uploads\\\/2024\\\/02\\\/emr_zertifiziert_gs-1024x287.png\",\"contentUrl\":\"https:\\\/\\\/praxis-naturheilkunde.ch\\\/wp-content\\\/uploads\\\/2024\\\/02\\\/emr_zertifiziert_gs-1024x287.png\"},{\"@type\":\"WebSite\",\"@id\":\"https:\\\/\\\/praxis-naturheilkunde.ch\\\/#website\",\"url\":\"https:\\\/\\\/praxis-naturheilkunde.ch\\\/\",\"name\":\"Praxis f\u00fcr integrative Naturheilkunde\",\"description\":\"Seraphine Rohrer, Z\u00fcrich, Praxis Naturheilkunde, Praxis Naturheilkunde Z\u00fcrich, Naturheilkunde, Ern\u00e4hrungsberatung, Phytotherapie, Hormonberatung, Fussreflexzonen, Nahrungserg\u00e4nzungsmittel, Komplement\u00e4rmedizin\",\"potentialAction\":[{\"@type\":\"SearchAction\",\"target\":{\"@type\":\"EntryPoint\",\"urlTemplate\":\"https:\\\/\\\/praxis-naturheilkunde.ch\\\/?s={search_term_string}\"},\"query-input\":{\"@type\":\"PropertyValueSpecification\",\"valueRequired\":true,\"valueName\":\"search_term_string\"}}],\"inLanguage\":\"en-GB\"}]}<\/script>\n<!-- \/ Yoast SEO plugin. -->","yoast_head_json":{"title":"Kontakt - Praxis f\u00fcr integrative Naturheilkunde","description":"Kontaktieren Sie die Praxis f\u00fcr integrative Naturheilkunde in der Toppharm Zentrums Apotheke, Regensdorf\/Z\u00fcrich.","robots":{"index":"index","follow":"follow","max-snippet":"max-snippet:-1","max-image-preview":"max-image-preview:large","max-video-preview":"max-video-preview:-1"},"canonical":"https:\/\/praxis-naturheilkunde.ch\/en\/kontakt\/","og_locale":"en_GB","og_type":"article","og_title":"Kontakt - Praxis f\u00fcr integrative Naturheilkunde","og_description":"Kontaktieren Sie die Praxis f\u00fcr integrative Naturheilkunde in der Toppharm Zentrums Apotheke, Regensdorf\/Z\u00fcrich.","og_url":"https:\/\/praxis-naturheilkunde.ch\/en\/kontakt\/","og_site_name":"Praxis f\u00fcr integrative Naturheilkunde","article_modified_time":"2026-04-16T13:40:53+00:00","og_image":[{"width":2094,"height":587,"url":"https:\/\/praxis-naturheilkunde.ch\/wp-content\/uploads\/2024\/02\/emr_zertifiziert_gs.png","type":"image\/png"}],"twitter_card":"summary_large_image","twitter_misc":{"Estimated reading time":"1 minute"},"schema":{"@context":"https:\/\/schema.org","@graph":[{"@type":"WebPage","@id":"https:\/\/praxis-naturheilkunde.ch\/kontakt\/","url":"https:\/\/praxis-naturheilkunde.ch\/kontakt\/","name":"Kontakt - Praxis f\u00fcr integrative Naturheilkunde","isPartOf":{"@id":"https:\/\/praxis-naturheilkunde.ch\/#website"},"primaryImageOfPage":{"@id":"https:\/\/praxis-naturheilkunde.ch\/kontakt\/#primaryimage"},"image":{"@id":"https:\/\/praxis-naturheilkunde.ch\/kontakt\/#primaryimage"},"thumbnailUrl":"https:\/\/praxis-naturheilkunde.ch\/wp-content\/uploads\/2024\/02\/emr_zertifiziert_gs-1024x287.png","datePublished":"2024-02-21T19:58:46+00:00","dateModified":"2026-04-16T13:40:53+00:00","description":"Kontaktieren Sie die Praxis f\u00fcr integrative Naturheilkunde in der Toppharm Zentrums Apotheke, Regensdorf\/Z\u00fcrich.","inLanguage":"en-GB","potentialAction":[{"@type":"ReadAction","target":["https:\/\/praxis-naturheilkunde.ch\/kontakt\/"]}]},{"@type":"ImageObject","inLanguage":"en-GB","@id":"https:\/\/praxis-naturheilkunde.ch\/kontakt\/#primaryimage","url":"https:\/\/praxis-naturheilkunde.ch\/wp-content\/uploads\/2024\/02\/emr_zertifiziert_gs-1024x287.png","contentUrl":"https:\/\/praxis-naturheilkunde.ch\/wp-content\/uploads\/2024\/02\/emr_zertifiziert_gs-1024x287.png"},{"@type":"WebSite","@id":"https:\/\/praxis-naturheilkunde.ch\/#website","url":"https:\/\/praxis-naturheilkunde.ch\/","name":"Praxis f\u00fcr integrative Naturheilkunde","description":"Seraphine Rohrer, Z\u00fcrich, Praxis Naturheilkunde, Praxis Naturheilkunde Z\u00fcrich, Naturheilkunde, Ern\u00e4hrungsberatung, Phytotherapie, Hormonberatung, Fussreflexzonen, Nahrungserg\u00e4nzungsmittel, Komplement\u00e4rmedizin","potentialAction":[{"@type":"SearchAction","target":{"@type":"EntryPoint","urlTemplate":"https:\/\/praxis-naturheilkunde.ch\/?s={search_term_string}"},"query-input":{"@type":"PropertyValueSpecification","valueRequired":true,"valueName":"search_term_string"}}],"inLanguage":"en-GB"}]}},"_links":{"self":[{"href":"https:\/\/praxis-naturheilkunde.ch\/en\/wp-json\/wp\/v2\/pages\/1917","targetHints":{"allow":["GET"]}}],"collection":[{"href":"https:\/\/praxis-naturheilkunde.ch\/en\/wp-json\/wp\/v2\/pages"}],"about":[{"href":"https:\/\/praxis-naturheilkunde.ch\/en\/wp-json\/wp\/v2\/types\/page"}],"author":[{"embeddable":true,"href":"https:\/\/praxis-naturheilkunde.ch\/en\/wp-json\/wp\/v2\/users\/4"}],"replies":[{"embeddable":true,"href":"https:\/\/praxis-naturheilkunde.ch\/en\/wp-json\/wp\/v2\/comments?post=1917"}],"version-history":[{"count":112,"href":"https:\/\/praxis-naturheilkunde.ch\/en\/wp-json\/wp\/v2\/pages\/1917\/revisions"}],"predecessor-version":[{"id":3587,"href":"https:\/\/praxis-naturheilkunde.ch\/en\/wp-json\/wp\/v2\/pages\/1917\/revisions\/3587"}],"wp:attachment":[{"href":"https:\/\/praxis-naturheilkunde.ch\/en\/wp-json\/wp\/v2\/media?parent=1917"}],"curies":[{"name":"wp","href":"https:\/\/api.w.org\/{rel}","templated":true}]}}