{"id":1734,"date":"2024-02-13T15:47:03","date_gmt":"2024-02-13T14:47:03","guid":{"rendered":"http:\/\/praxis-naturheilkunde.ch\/?page_id=1734"},"modified":"2026-04-16T19:25:26","modified_gmt":"2026-04-16T18:25:26","slug":"impressum","status":"publish","type":"page","link":"https:\/\/praxis-naturheilkunde.ch\/en\/impressum\/","title":{"rendered":"Impressum"},"content":{"rendered":"<div data-elementor-type=\"wp-page\" data-elementor-id=\"1734\" class=\"elementor elementor-1734\">\n\t\t\t\t<div class=\"elementor-element elementor-element-e0d7162 e-flex e-con-boxed e-con e-parent\" data-id=\"e0d7162\" data-element_type=\"container\" data-e-type=\"container\">\n\t\t\t\t\t<div class=\"e-con-inner\">\n\t\t\t\t<div class=\"elementor-element elementor-element-8916477 elementor-widget elementor-widget-heading\" data-id=\"8916477\" data-element_type=\"widget\" data-e-type=\"widget\" data-widget_type=\"heading.default\">\n\t\t\t\t<div class=\"elementor-widget-container\">\n\t\t\t\t\t<h2 class=\"elementor-heading-title elementor-size-default\">Impressum<\/h2>\t\t\t\t<\/div>\n\t\t\t\t<\/div>\n\t\t\t\t\t<\/div>\n\t\t\t\t<\/div>\n\t\t<div class=\"elementor-element elementor-element-402ca14 e-flex e-con-boxed e-con e-parent\" data-id=\"402ca14\" data-element_type=\"container\" data-e-type=\"container\">\n\t\t\t\t\t<div class=\"e-con-inner\">\n\t\t\t\t<div class=\"elementor-element elementor-element-2b0a18e elementor-widget elementor-widget-text-editor\" data-id=\"2b0a18e\" data-element_type=\"widget\" data-e-type=\"widget\" data-widget_type=\"text-editor.default\">\n\t\t\t\t<div class=\"elementor-widget-container\">\n\t\t\t\t\t\t\t\t\t<h3>Praxis f\u00fcr integrative Naturheilkunde<\/h3><p>Stampfenbachstrasse 123<br \/>8006 Z\u00fcrich<br \/>Tel. 079 832 57 81<br \/><a href=\"mailto:info@praxis-naturheilkunde.ch\">info@praxis-naturheilkunde.ch<\/a><\/p><h3><span style=\"color: var( --e-global-color-text ); font-family: 'Circular Regular', sans-serif; font-size: 26px; font-weight: 400; text-align: var(--text-align); letter-spacing: 0.1px;\">Vertretungsberechtigte Person(en)<\/span><\/h3><p class=\"p1\">Seraphine Rohrer, Inhaberin<br \/><br \/><\/p><h3>Haftungsausschluss<\/h3><p class=\"p1\">Der Autor \u00fcbernimmt keinerlei Gew\u00e4hr hinsichtlich der inhaltlichen Richtigkeit, Genauigkeit, Aktualit\u00e4t, Zuverl\u00e4ssigkeit und Vollst\u00e4ndigkeit der Informationen.<\/p><p class=\"p1\">Haftungsanspr\u00fcche gegen den Autor wegen Sch\u00e4den materieller oder immaterieller Art, welche aus dem Zugriff oder der Nutzung bzw. Nichtnutzung der ver\u00f6ffentlichten Informationen, durch Missbrauch der Verbindung oder durch technische St\u00f6rungen entstanden sind, werden ausgeschlossen.<\/p><p class=\"p1\">Alle Angebote sind unverbindlich. Der Autor beh\u00e4lt es sich ausdr\u00fccklich vor, Teile der Seiten oder das gesamte Angebot ohne besondere Ank\u00fcndigung zu ver\u00e4ndern, zu erg\u00e4nzen, zu l\u00f6schen oder die Ver\u00f6ffentlichung zeitweise oder endg\u00fcltig einzustellen.<br \/><br \/><\/p><h3>Haftungsausschluss f\u00fcr Links<\/h3><p class=\"p1\">Verweise und Links auf Webseiten Dritter liegen ausserhalb unseres Verantwortungsbereichs. Es wird jegliche Verantwortung f\u00fcr solche Webseiten abgelehnt. Der Zugriff und die Nutzung solcher Webseiten erfolgen auf eigene Gefahr des jeweiligen Nutzers.<br \/><br \/><\/p><h3>Urheberrechte<\/h3><p class=\"p1\">Die Urheber- und alle anderen Rechte an Inhalten, Bildern, Fotos oder anderen Dateien auf dieser Website, geh\u00f6ren ausschliesslich\u00a0Seraphine Rohrer\u00a0oder den speziell genannten Rechteinhabern. F\u00fcr die Reproduktion jeglicher Elemente ist die schriftliche Zustimmung des Urheberrechtstr\u00e4gers im Voraus einzuholen.<\/p>\t\t\t\t\t\t\t\t<\/div>\n\t\t\t\t<\/div>\n\t\t\t\t\t<\/div>\n\t\t\t\t<\/div>\n\t\t\t\t<\/div>","protected":false},"excerpt":{"rendered":"<p>Impressum Praxis f\u00fcr integrative Naturheilkunde Stampfenbachstrasse 1238006 Z\u00fcrichTel. 079 832 57 81info@praxis-naturheilkunde.ch Vertretungsberechtigte Person(en) Seraphine Rohrer, Inhaberin Haftungsausschluss Der Autor \u00fcbernimmt keinerlei Gew\u00e4hr hinsichtlich der inhaltlichen Richtigkeit, Genauigkeit, Aktualit\u00e4t, Zuverl\u00e4ssigkeit und Vollst\u00e4ndigkeit der Informationen. Haftungsanspr\u00fcche gegen den Autor wegen Sch\u00e4den materieller oder immaterieller Art, welche aus dem Zugriff oder der Nutzung bzw. Nichtnutzung der ver\u00f6ffentlichten [&hellip;]<\/p>\n","protected":false},"author":4,"featured_media":0,"parent":0,"menu_order":0,"comment_status":"closed","ping_status":"closed","template":"elementor_header_footer","meta":{"footnotes":""},"class_list":["post-1734","page","type-page","status-publish","hentry","entry"],"yoast_head":"<!-- This site is optimized with the Yoast SEO plugin v27.4 - https:\/\/yoast.com\/product\/yoast-seo-wordpress\/ -->\n<title>Impressum - Praxis f\u00fcr integrative Naturheilkunde<\/title>\n<meta name=\"robots\" content=\"index, follow, max-snippet:-1, max-image-preview:large, max-video-preview:-1\" \/>\n<link rel=\"canonical\" href=\"https:\/\/praxis-naturheilkunde.ch\/en\/impressum\/\" \/>\n<meta property=\"og:locale\" content=\"en_GB\" \/>\n<meta property=\"og:type\" content=\"article\" \/>\n<meta property=\"og:title\" content=\"Impressum - Praxis f\u00fcr integrative Naturheilkunde\" \/>\n<meta property=\"og:description\" content=\"Impressum Praxis f\u00fcr integrative Naturheilkunde Stampfenbachstrasse 1238006 Z\u00fcrichTel. 079 832 57 81info@praxis-naturheilkunde.ch Vertretungsberechtigte Person(en) Seraphine Rohrer, Inhaberin Haftungsausschluss Der Autor \u00fcbernimmt keinerlei Gew\u00e4hr hinsichtlich der inhaltlichen Richtigkeit, Genauigkeit, Aktualit\u00e4t, Zuverl\u00e4ssigkeit und Vollst\u00e4ndigkeit der Informationen. Haftungsanspr\u00fcche gegen den Autor wegen Sch\u00e4den materieller oder immaterieller Art, welche aus dem Zugriff oder der Nutzung bzw. Nichtnutzung der ver\u00f6ffentlichten [&hellip;]\" \/>\n<meta property=\"og:url\" content=\"https:\/\/praxis-naturheilkunde.ch\/en\/impressum\/\" \/>\n<meta property=\"og:site_name\" content=\"Praxis f\u00fcr integrative Naturheilkunde\" \/>\n<meta property=\"article:modified_time\" content=\"2026-04-16T18:25:26+00:00\" \/>\n<meta property=\"og:image\" content=\"https:\/\/praxis-naturheilkunde.ch\/wp-content\/uploads\/2024\/02\/Title-scaled.jpg\" \/>\n\t<meta property=\"og:image:width\" content=\"2560\" \/>\n\t<meta property=\"og:image:height\" content=\"1200\" \/>\n\t<meta property=\"og:image:type\" content=\"image\/jpeg\" \/>\n<meta name=\"twitter:card\" content=\"summary_large_image\" \/>\n<meta name=\"twitter:label1\" content=\"Estimated reading time\" \/>\n\t<meta name=\"twitter:data1\" content=\"2 minutes\" \/>\n<script type=\"application\/ld+json\" class=\"yoast-schema-graph\">{\"@context\":\"https:\\\/\\\/schema.org\",\"@graph\":[{\"@type\":\"WebPage\",\"@id\":\"https:\\\/\\\/praxis-naturheilkunde.ch\\\/impressum\\\/\",\"url\":\"https:\\\/\\\/praxis-naturheilkunde.ch\\\/impressum\\\/\",\"name\":\"Impressum - Praxis f\u00fcr integrative Naturheilkunde\",\"isPartOf\":{\"@id\":\"https:\\\/\\\/praxis-naturheilkunde.ch\\\/#website\"},\"datePublished\":\"2024-02-13T14:47:03+00:00\",\"dateModified\":\"2026-04-16T18:25:26+00:00\",\"inLanguage\":\"en-GB\",\"potentialAction\":[{\"@type\":\"ReadAction\",\"target\":[\"https:\\\/\\\/praxis-naturheilkunde.ch\\\/impressum\\\/\"]}]},{\"@type\":\"WebSite\",\"@id\":\"https:\\\/\\\/praxis-naturheilkunde.ch\\\/#website\",\"url\":\"https:\\\/\\\/praxis-naturheilkunde.ch\\\/\",\"name\":\"Praxis f\u00fcr integrative Naturheilkunde\",\"description\":\"Seraphine Rohrer, Z\u00fcrich, Praxis Naturheilkunde, Praxis Naturheilkunde Z\u00fcrich, Naturheilkunde, Ern\u00e4hrungsberatung, Phytotherapie, Hormonberatung, Fussreflexzonen, Nahrungserg\u00e4nzungsmittel, Komplement\u00e4rmedizin\",\"potentialAction\":[{\"@type\":\"SearchAction\",\"target\":{\"@type\":\"EntryPoint\",\"urlTemplate\":\"https:\\\/\\\/praxis-naturheilkunde.ch\\\/?s={search_term_string}\"},\"query-input\":{\"@type\":\"PropertyValueSpecification\",\"valueRequired\":true,\"valueName\":\"search_term_string\"}}],\"inLanguage\":\"en-GB\"}]}<\/script>\n<!-- \/ Yoast SEO plugin. -->","yoast_head_json":{"title":"Impressum - Praxis f\u00fcr integrative Naturheilkunde","robots":{"index":"index","follow":"follow","max-snippet":"max-snippet:-1","max-image-preview":"max-image-preview:large","max-video-preview":"max-video-preview:-1"},"canonical":"https:\/\/praxis-naturheilkunde.ch\/en\/impressum\/","og_locale":"en_GB","og_type":"article","og_title":"Impressum - Praxis f\u00fcr integrative Naturheilkunde","og_description":"Impressum Praxis f\u00fcr integrative Naturheilkunde Stampfenbachstrasse 1238006 Z\u00fcrichTel. 079 832 57 81info@praxis-naturheilkunde.ch Vertretungsberechtigte Person(en) Seraphine Rohrer, Inhaberin Haftungsausschluss Der Autor \u00fcbernimmt keinerlei Gew\u00e4hr hinsichtlich der inhaltlichen Richtigkeit, Genauigkeit, Aktualit\u00e4t, Zuverl\u00e4ssigkeit und Vollst\u00e4ndigkeit der Informationen. Haftungsanspr\u00fcche gegen den Autor wegen Sch\u00e4den materieller oder immaterieller Art, welche aus dem Zugriff oder der Nutzung bzw. Nichtnutzung der ver\u00f6ffentlichten [&hellip;]","og_url":"https:\/\/praxis-naturheilkunde.ch\/en\/impressum\/","og_site_name":"Praxis f\u00fcr integrative Naturheilkunde","article_modified_time":"2026-04-16T18:25:26+00:00","og_image":[{"width":2560,"height":1200,"url":"https:\/\/praxis-naturheilkunde.ch\/wp-content\/uploads\/2024\/02\/Title-scaled.jpg","type":"image\/jpeg"}],"twitter_card":"summary_large_image","twitter_misc":{"Estimated reading time":"2 minutes"},"schema":{"@context":"https:\/\/schema.org","@graph":[{"@type":"WebPage","@id":"https:\/\/praxis-naturheilkunde.ch\/impressum\/","url":"https:\/\/praxis-naturheilkunde.ch\/impressum\/","name":"Impressum - Praxis f\u00fcr integrative Naturheilkunde","isPartOf":{"@id":"https:\/\/praxis-naturheilkunde.ch\/#website"},"datePublished":"2024-02-13T14:47:03+00:00","dateModified":"2026-04-16T18:25:26+00:00","inLanguage":"en-GB","potentialAction":[{"@type":"ReadAction","target":["https:\/\/praxis-naturheilkunde.ch\/impressum\/"]}]},{"@type":"WebSite","@id":"https:\/\/praxis-naturheilkunde.ch\/#website","url":"https:\/\/praxis-naturheilkunde.ch\/","name":"Praxis f\u00fcr integrative Naturheilkunde","description":"Seraphine Rohrer, Z\u00fcrich, Praxis Naturheilkunde, Praxis Naturheilkunde Z\u00fcrich, Naturheilkunde, Ern\u00e4hrungsberatung, Phytotherapie, Hormonberatung, Fussreflexzonen, Nahrungserg\u00e4nzungsmittel, Komplement\u00e4rmedizin","potentialAction":[{"@type":"SearchAction","target":{"@type":"EntryPoint","urlTemplate":"https:\/\/praxis-naturheilkunde.ch\/?s={search_term_string}"},"query-input":{"@type":"PropertyValueSpecification","valueRequired":true,"valueName":"search_term_string"}}],"inLanguage":"en-GB"}]}},"_links":{"self":[{"href":"https:\/\/praxis-naturheilkunde.ch\/en\/wp-json\/wp\/v2\/pages\/1734","targetHints":{"allow":["GET"]}}],"collection":[{"href":"https:\/\/praxis-naturheilkunde.ch\/en\/wp-json\/wp\/v2\/pages"}],"about":[{"href":"https:\/\/praxis-naturheilkunde.ch\/en\/wp-json\/wp\/v2\/types\/page"}],"author":[{"embeddable":true,"href":"https:\/\/praxis-naturheilkunde.ch\/en\/wp-json\/wp\/v2\/users\/4"}],"replies":[{"embeddable":true,"href":"https:\/\/praxis-naturheilkunde.ch\/en\/wp-json\/wp\/v2\/comments?post=1734"}],"version-history":[{"count":28,"href":"https:\/\/praxis-naturheilkunde.ch\/en\/wp-json\/wp\/v2\/pages\/1734\/revisions"}],"predecessor-version":[{"id":3626,"href":"https:\/\/praxis-naturheilkunde.ch\/en\/wp-json\/wp\/v2\/pages\/1734\/revisions\/3626"}],"wp:attachment":[{"href":"https:\/\/praxis-naturheilkunde.ch\/en\/wp-json\/wp\/v2\/media?parent=1734"}],"curies":[{"name":"wp","href":"https:\/\/api.w.org\/{rel}","templated":true}]}}