{"id":1732,"date":"2024-02-13T15:46:46","date_gmt":"2024-02-13T14:46:46","guid":{"rendered":"http:\/\/praxis-naturheilkunde.ch\/?page_id=1732"},"modified":"2026-04-16T19:24:08","modified_gmt":"2026-04-16T18:24:08","slug":"datenschutz","status":"publish","type":"page","link":"https:\/\/praxis-naturheilkunde.ch\/en\/datenschutz\/","title":{"rendered":"Datenschutz"},"content":{"rendered":"<div data-elementor-type=\"wp-page\" data-elementor-id=\"1732\" class=\"elementor elementor-1732\">\n\t\t\t\t<div class=\"elementor-element elementor-element-2ea29e40 e-flex e-con-boxed e-con e-parent\" data-id=\"2ea29e40\" data-element_type=\"container\" data-e-type=\"container\">\n\t\t\t\t\t<div class=\"e-con-inner\">\n\t\t\t\t<div class=\"elementor-element elementor-element-3b981abe elementor-widget elementor-widget-heading\" data-id=\"3b981abe\" data-element_type=\"widget\" data-e-type=\"widget\" data-widget_type=\"heading.default\">\n\t\t\t\t<div class=\"elementor-widget-container\">\n\t\t\t\t\t<h2 class=\"elementor-heading-title elementor-size-default\">Datenschutz&shy;erkl\u00e4rung<\/h2>\t\t\t\t<\/div>\n\t\t\t\t<\/div>\n\t\t\t\t<div class=\"elementor-element elementor-element-9f4500b elementor-widget elementor-widget-text-editor\" data-id=\"9f4500b\" data-element_type=\"widget\" data-e-type=\"widget\" data-widget_type=\"text-editor.default\">\n\t\t\t\t<div class=\"elementor-widget-container\">\n\t\t\t\t\t\t\t\t\t<h3>Praxis f\u00fcr integrative Naturheilkunde<\/h3><p>Stampfenbachstrasse 123<br \/>8006 Z\u00fcrich<\/p><p><a href=\"mailto:info@praxis-naturheilkunde.ch\">info@praxis-naturheilkunde.ch<\/a><br \/>Tel. 079 832 57 81<\/p><h3>Einf\u00fchrung<\/h3><p>In der Praxis f\u00fcr integrative Naturheilkunde verpflichten wir uns, Ihre Privatsph\u00e4re zu sch\u00fctzen und die Sicherheit Ihrer pers\u00f6nlichen und sensiblen Daten zu gew\u00e4hrleisten. Diese Datenschutzrichtlinie beschreibt, wie wir Ihre Daten erfassen, verwenden, speichern und sch\u00fctzen, wenn Sie unsere Website besuchen oder unsere Therapiedienste in Anspruch nehmen.<\/p><p>Gest\u00fctzt auf Artikel 13 der Schweizerischen Bundesverfassung und die datenschutzrechtlichen Bestimmungen des Bundes (Datenschutzgesetz, DSG) hat jede Person Anspruch auf Schutz ihrer Privatsph\u00e4re sowie auf Schutz vor Missbrauch ihrer pers\u00f6nlichen Daten. Die Betreiber dieser Seiten nehmen den Schutz Ihrer pers\u00f6nlichen Daten sehr ernst. Wir behandeln Ihre personenbezogenen Daten vertraulich und entsprechend der gesetzlichen Datenschutzvorschriften sowie dieser Datenschutzerkl\u00e4rung.<\/p><p>In Zusammenarbeit mit unseren Hosting-Providern bem\u00fchen wir uns, die Datenbanken so gut wie m\u00f6glich vor unberechtigtem Zugriff, Verlust, Missbrauch oder Verf\u00e4lschung zu sch\u00fctzen.<\/p><p>Wir weisen darauf hin, dass die Daten\u00fcbertragung im Internet (z.B. bei der Kommunikation per E-Mail) Sicherheitsl\u00fccken aufweisen kann. Ein l\u00fcckenloser Schutz der Daten vor dem Zugriff durch Dritte ist nicht m\u00f6glich.<\/p><h3>Datenerhebung und -nutzung<\/h3><p>Wenn Sie unsere Website besuchen, erfassen wir m\u00f6glicherweise automatisch bestimmte nicht personenbezogene Daten, wie z. B. Ihre IP-Adresse, Ihren Browsertyp, Ihr Betriebssystem und die von Ihnen besuchten Seiten. Diese Informationen werden zur Analyse von Trends, zur Verwaltung der Website und zur Erfassung demografischer Informationen f\u00fcr interne Zwecke verwendet. Wenn Sie uns \u00fcber die Website kontaktieren oder interaktive Funktionen (z. B. Formulare) nutzen, erfassen wir m\u00f6glicherweise personenbezogene Daten, die Sie freiwillig angeben, wie Ihren Namen, Ihre E-Mail-Adresse, Telefonnummer und andere relevante Details. Wir werden diese Informationen ausschliesslich dazu verwenden, Ihre Anfragen zu beantworten oder die von Ihnen gew\u00fcnschten Therapieleistungen zu erbringen.<\/p><h3>Zustimmung<\/h3><p>Indem Sie unsere Website nutzen und uns Ihre pers\u00f6nlichen Daten zur Verf\u00fcgung stellen, stimmen Sie der Erhebung, Nutzung und Verarbeitung Ihrer Daten wie in dieser Richtlinie beschrieben zu.<\/p><h3>Datensicherheit<\/h3><p>Wir ergreifen geeignete technische und organisatorische Massnahmen, um Ihre Daten vor unbefugtem Zugriff, Verlust, \u00c4nderung oder Offenlegung zu sch\u00fctzen. Wir beschr\u00e4nken den Zugriff auf Ihre Daten nur auf autorisiertes Personal, das zur Geheimhaltung verpflichtet ist.<\/p><h3>Daten\u00fcbertragung<\/h3><p>Zur Verarbeitung der Daten nutzen wir vertrauensw\u00fcrdige Drittanbieter, die uns beim Betrieb unserer Website und der Bereitstellung von Therapiediensten unterst\u00fctzen. Diese Softwaredienstleistenden sind vertraglich verpflichtet, die Vertraulichkeit und Sicherheit Ihrer Daten zu wahren. Ihre Daten werden in keiner Weise zu Marketingzwecken an Dritte weitergegeben.<\/p><h3>Cookies<\/h3><p>Unsere Website verwendet Cookies oder \u00e4hnliche Technologien, um Ihr Interneterlebnis zu verbessern und Informationen dar\u00fcber zu sammeln, wie Sie die Website nutzen. Sie k\u00f6nnen die Verwendung von Cookies \u00fcber Ihre Browsereinstellungen steuern.\u00a0<\/p><h3>Google Analytics<\/h3><p>Auf unserer Website nutzen wir den Webanalysedienst Google Analytics von Google Inc. (folgend: Google). Google Analytics verwendet sog. \u00abCookies\u00bb, also Textdateien, die auf Ihrem Computer gespeichert werden und analysieren, wie Sie unsere Website nutzen.\u00a0<\/p><p>Die durch das Cookie erzeugten Informationen \u00fcber Ihre Benutzung dieser Website werden in der Regel an einen Server von Google in den USA \u00fcbertragen und dort gespeichert. Aufgrund der Aktivierung der IP-Anonymisierung auf dieser Website, wird Ihre IP-Adresse von Google jedoch vorg\u00e4ngig gek\u00fcrzt, innerhalb von Mitgliedstaaten der Europ\u00e4ischen Union oder in anderen Vertragsstaaten des Abkommens \u00fcber den Europ\u00e4ischen Wirtschaftsraum. Nur in Ausnahmef\u00e4llen wird die volle IP-Adresse an einen Server von Google in den USA \u00fcbertragen und dort gek\u00fcrzt.<\/p><p>Innerhalb von Google Analytics k\u00f6nnen wir \u00abGoogle Signale\u00bb nutzen. Durch die Nutzung von \u00abGoogle Signale\u00bb sind wir in der Lage, die Analyse der Websitenutzung ger\u00e4te\u00fcbergreifend durchzuf\u00fchren. Es handelt sich dabei um sogenanntes Cross-Device-Tracking. Google sammelt die Daten der User (demografische Merkmale der Google Konto Nutzer), sobald diese der personalisierten Werbung zustimmen.<\/p><p>Google benutzt diese Informationen in unserem Auftrag, um Ihre Nutzung der Website auszuwerten, um Reports \u00fcber die Website-Aktivit\u00e4ten zusammenzustellen und um weitere mit der Websitenutzung und der Internetnutzung verbundenen Dienstleistungen gegen\u00fcber Websitebetreibenden zu erbringen.<\/p><p>Sie k\u00f6nnen die Erfassung der durch die Cookies erzeugten und auf Ihre Nutzung des Onlineangebotes bezogenen Daten an Google sowie die Verarbeitung dieser Daten durch Google verhindern, indem Sie das unter dem folgenden Link verf\u00fcgbare Browser-Plugin herunterladen und installieren: https:\/\/tools.google.com\/dlpage\/gaoptout.<\/p><p>N\u00e4here Informationen zu Nutzungsbedingungen und Datenschutz finden Sie unter https:\/\/marketingplatform.google.com\/about\/analytics\/terms\/de\/ bzw. unter https:\/\/policies.google.com\/<\/p><p>Unsere Website kann Links zu Websites oder Diensten Dritter enthalten. Bitte beachten Sie, dass wir nicht f\u00fcr den Inhalt oder die Datenschutzpraktiken dieser Websites verantwortlich sind. Wir empfehlen Ihnen, die Datenschutzrichtlinien aller externen Websites, die Sie besuchen, zu lesen.\u00a0<\/p><p><span style=\"color: var( --e-global-color-text ); font-family: 'Circular Regular', sans-serif; font-size: 26px; font-weight: 400; letter-spacing: 0.1px;\">Dauer der Datenspeicherung<\/span><\/p><p>Wir bewahren Ihre personenbezogenen Daten so lange auf, wie es zur Erf\u00fcllung der in dieser Richtlinie dargelegten Zwecke erforderlich ist, es sei denn, das Gesetz schreibt eine l\u00e4ngere Aufbewahrungsfrist vor.<\/p><p><span style=\"color: var( --e-global-color-text ); font-family: 'Circular Regular', sans-serif; font-size: 26px; font-weight: 400; letter-spacing: 0.1px;\">Ihre Rechte<\/span><\/p><p>Sie haben das Recht, auf Ihre bei uns gespeicherten personenbezogenen Daten zuzugreifen, diese zu korrigieren oder zu l\u00f6schen. Wenn Sie eines dieser Rechte aus\u00fcben m\u00f6chten, kontaktieren Sie uns bitte \u00fcber die am Ende dieser Richtlinie angegebenen Kontaktdaten.<\/p><p><span style=\"color: var( --e-global-color-text ); font-family: 'Circular Regular', sans-serif; font-size: 26px; font-weight: 400; letter-spacing: 0.1px;\">\u00c4nderungen an dieser Richtlinie<\/span><\/p><p>Wir behalten uns das Recht vor, diese Datenschutzrichtlinie von Zeit zu Zeit zu aktualisieren. Alle \u00c4nderungen werden auf dieser Seite ver\u00f6ffentlicht und das Datum des Inkrafttretens wird entsprechend aktualisiert.<\/p><p><span style=\"color: var( --e-global-color-text ); font-family: 'Circular Regular', sans-serif; font-weight: 400; letter-spacing: 0.1px;\"><span style=\"font-size: 26px;\">Kontaktieren Sie uns<\/span><\/span><\/p><p>Wenn Sie Fragen, Bedenken oder W\u00fcnsche bez\u00fcglich dieser Datenschutzrichtlinie oder unserer Datenverarbeitungspraktiken haben, kontaktieren Sie uns bitte unter: <a href=\"mailto:info@praxis-naturheilkunde.ch\" target=\"_blank\" rel=\"noopener\">info@praxis-naturheilkunde.ch<\/a><\/p><p>Z\u00fcrich, Februar 2024<\/p><p>Quelle: NVS Natur\u00e4rzte Vereinigung Schweiz (https:\/\/nvs.swiss)<\/p>\t\t\t\t\t\t\t\t<\/div>\n\t\t\t\t<\/div>\n\t\t\t\t\t<\/div>\n\t\t\t\t<\/div>\n\t\t\t\t<\/div>","protected":false},"excerpt":{"rendered":"<p>Datenschutz&shy;erkl\u00e4rung Praxis f\u00fcr integrative Naturheilkunde Stampfenbachstrasse 1238006 Z\u00fcrich info@praxis-naturheilkunde.chTel. 079 832 57 81 Einf\u00fchrung In der Praxis f\u00fcr integrative Naturheilkunde verpflichten wir uns, Ihre Privatsph\u00e4re zu sch\u00fctzen und die Sicherheit Ihrer pers\u00f6nlichen und sensiblen Daten zu gew\u00e4hrleisten. Diese Datenschutzrichtlinie beschreibt, wie wir Ihre Daten erfassen, verwenden, speichern und sch\u00fctzen, wenn Sie unsere Website besuchen oder [&hellip;]<\/p>\n","protected":false},"author":4,"featured_media":0,"parent":0,"menu_order":0,"comment_status":"closed","ping_status":"closed","template":"elementor_header_footer","meta":{"footnotes":""},"class_list":["post-1732","page","type-page","status-publish","hentry","entry"],"yoast_head":"<!-- This site is optimized with the Yoast SEO plugin v27.4 - https:\/\/yoast.com\/product\/yoast-seo-wordpress\/ -->\n<title>Datenschutz - Praxis f\u00fcr integrative Naturheilkunde<\/title>\n<meta name=\"robots\" content=\"index, follow, max-snippet:-1, max-image-preview:large, max-video-preview:-1\" \/>\n<link rel=\"canonical\" href=\"https:\/\/praxis-naturheilkunde.ch\/en\/datenschutz\/\" \/>\n<meta property=\"og:locale\" content=\"en_GB\" \/>\n<meta property=\"og:type\" content=\"article\" \/>\n<meta property=\"og:title\" content=\"Datenschutz - Praxis f\u00fcr integrative Naturheilkunde\" \/>\n<meta property=\"og:description\" content=\"Datenschutz&shy;erkl\u00e4rung Praxis f\u00fcr integrative Naturheilkunde Stampfenbachstrasse 1238006 Z\u00fcrich info@praxis-naturheilkunde.chTel. 079 832 57 81 Einf\u00fchrung In der Praxis f\u00fcr integrative Naturheilkunde verpflichten wir uns, Ihre Privatsph\u00e4re zu sch\u00fctzen und die Sicherheit Ihrer pers\u00f6nlichen und sensiblen Daten zu gew\u00e4hrleisten. Diese Datenschutzrichtlinie beschreibt, wie wir Ihre Daten erfassen, verwenden, speichern und sch\u00fctzen, wenn Sie unsere Website besuchen oder [&hellip;]\" \/>\n<meta property=\"og:url\" content=\"https:\/\/praxis-naturheilkunde.ch\/en\/datenschutz\/\" \/>\n<meta property=\"og:site_name\" content=\"Praxis f\u00fcr integrative Naturheilkunde\" \/>\n<meta property=\"article:modified_time\" content=\"2026-04-16T18:24:08+00:00\" \/>\n<meta property=\"og:image\" content=\"https:\/\/praxis-naturheilkunde.ch\/wp-content\/uploads\/2024\/02\/Title-scaled.jpg\" \/>\n\t<meta property=\"og:image:width\" content=\"2560\" \/>\n\t<meta property=\"og:image:height\" content=\"1200\" \/>\n\t<meta property=\"og:image:type\" content=\"image\/jpeg\" \/>\n<meta name=\"twitter:card\" content=\"summary_large_image\" \/>\n<meta name=\"twitter:label1\" content=\"Estimated reading time\" \/>\n\t<meta name=\"twitter:data1\" content=\"5 minutes\" \/>\n<script type=\"application\/ld+json\" class=\"yoast-schema-graph\">{\"@context\":\"https:\\\/\\\/schema.org\",\"@graph\":[{\"@type\":\"WebPage\",\"@id\":\"https:\\\/\\\/praxis-naturheilkunde.ch\\\/datenschutz\\\/\",\"url\":\"https:\\\/\\\/praxis-naturheilkunde.ch\\\/datenschutz\\\/\",\"name\":\"Datenschutz - Praxis f\u00fcr integrative Naturheilkunde\",\"isPartOf\":{\"@id\":\"https:\\\/\\\/praxis-naturheilkunde.ch\\\/#website\"},\"datePublished\":\"2024-02-13T14:46:46+00:00\",\"dateModified\":\"2026-04-16T18:24:08+00:00\",\"inLanguage\":\"en-GB\",\"potentialAction\":[{\"@type\":\"ReadAction\",\"target\":[\"https:\\\/\\\/praxis-naturheilkunde.ch\\\/datenschutz\\\/\"]}]},{\"@type\":\"WebSite\",\"@id\":\"https:\\\/\\\/praxis-naturheilkunde.ch\\\/#website\",\"url\":\"https:\\\/\\\/praxis-naturheilkunde.ch\\\/\",\"name\":\"Praxis f\u00fcr integrative Naturheilkunde\",\"description\":\"Seraphine Rohrer, Z\u00fcrich, Praxis Naturheilkunde, Praxis Naturheilkunde Z\u00fcrich, Naturheilkunde, Ern\u00e4hrungsberatung, Phytotherapie, Hormonberatung, Fussreflexzonen, Nahrungserg\u00e4nzungsmittel, Komplement\u00e4rmedizin\",\"potentialAction\":[{\"@type\":\"SearchAction\",\"target\":{\"@type\":\"EntryPoint\",\"urlTemplate\":\"https:\\\/\\\/praxis-naturheilkunde.ch\\\/?s={search_term_string}\"},\"query-input\":{\"@type\":\"PropertyValueSpecification\",\"valueRequired\":true,\"valueName\":\"search_term_string\"}}],\"inLanguage\":\"en-GB\"}]}<\/script>\n<!-- \/ Yoast SEO plugin. -->","yoast_head_json":{"title":"Datenschutz - Praxis f\u00fcr integrative Naturheilkunde","robots":{"index":"index","follow":"follow","max-snippet":"max-snippet:-1","max-image-preview":"max-image-preview:large","max-video-preview":"max-video-preview:-1"},"canonical":"https:\/\/praxis-naturheilkunde.ch\/en\/datenschutz\/","og_locale":"en_GB","og_type":"article","og_title":"Datenschutz - Praxis f\u00fcr integrative Naturheilkunde","og_description":"Datenschutz&shy;erkl\u00e4rung Praxis f\u00fcr integrative Naturheilkunde Stampfenbachstrasse 1238006 Z\u00fcrich info@praxis-naturheilkunde.chTel. 079 832 57 81 Einf\u00fchrung In der Praxis f\u00fcr integrative Naturheilkunde verpflichten wir uns, Ihre Privatsph\u00e4re zu sch\u00fctzen und die Sicherheit Ihrer pers\u00f6nlichen und sensiblen Daten zu gew\u00e4hrleisten. Diese Datenschutzrichtlinie beschreibt, wie wir Ihre Daten erfassen, verwenden, speichern und sch\u00fctzen, wenn Sie unsere Website besuchen oder [&hellip;]","og_url":"https:\/\/praxis-naturheilkunde.ch\/en\/datenschutz\/","og_site_name":"Praxis f\u00fcr integrative Naturheilkunde","article_modified_time":"2026-04-16T18:24:08+00:00","og_image":[{"width":2560,"height":1200,"url":"https:\/\/praxis-naturheilkunde.ch\/wp-content\/uploads\/2024\/02\/Title-scaled.jpg","type":"image\/jpeg"}],"twitter_card":"summary_large_image","twitter_misc":{"Estimated reading time":"5 minutes"},"schema":{"@context":"https:\/\/schema.org","@graph":[{"@type":"WebPage","@id":"https:\/\/praxis-naturheilkunde.ch\/datenschutz\/","url":"https:\/\/praxis-naturheilkunde.ch\/datenschutz\/","name":"Datenschutz - Praxis f\u00fcr integrative Naturheilkunde","isPartOf":{"@id":"https:\/\/praxis-naturheilkunde.ch\/#website"},"datePublished":"2024-02-13T14:46:46+00:00","dateModified":"2026-04-16T18:24:08+00:00","inLanguage":"en-GB","potentialAction":[{"@type":"ReadAction","target":["https:\/\/praxis-naturheilkunde.ch\/datenschutz\/"]}]},{"@type":"WebSite","@id":"https:\/\/praxis-naturheilkunde.ch\/#website","url":"https:\/\/praxis-naturheilkunde.ch\/","name":"Praxis f\u00fcr integrative Naturheilkunde","description":"Seraphine Rohrer, Z\u00fcrich, Praxis Naturheilkunde, Praxis Naturheilkunde Z\u00fcrich, Naturheilkunde, Ern\u00e4hrungsberatung, Phytotherapie, Hormonberatung, Fussreflexzonen, Nahrungserg\u00e4nzungsmittel, Komplement\u00e4rmedizin","potentialAction":[{"@type":"SearchAction","target":{"@type":"EntryPoint","urlTemplate":"https:\/\/praxis-naturheilkunde.ch\/?s={search_term_string}"},"query-input":{"@type":"PropertyValueSpecification","valueRequired":true,"valueName":"search_term_string"}}],"inLanguage":"en-GB"}]}},"_links":{"self":[{"href":"https:\/\/praxis-naturheilkunde.ch\/en\/wp-json\/wp\/v2\/pages\/1732","targetHints":{"allow":["GET"]}}],"collection":[{"href":"https:\/\/praxis-naturheilkunde.ch\/en\/wp-json\/wp\/v2\/pages"}],"about":[{"href":"https:\/\/praxis-naturheilkunde.ch\/en\/wp-json\/wp\/v2\/types\/page"}],"author":[{"embeddable":true,"href":"https:\/\/praxis-naturheilkunde.ch\/en\/wp-json\/wp\/v2\/users\/4"}],"replies":[{"embeddable":true,"href":"https:\/\/praxis-naturheilkunde.ch\/en\/wp-json\/wp\/v2\/comments?post=1732"}],"version-history":[{"count":76,"href":"https:\/\/praxis-naturheilkunde.ch\/en\/wp-json\/wp\/v2\/pages\/1732\/revisions"}],"predecessor-version":[{"id":3623,"href":"https:\/\/praxis-naturheilkunde.ch\/en\/wp-json\/wp\/v2\/pages\/1732\/revisions\/3623"}],"wp:attachment":[{"href":"https:\/\/praxis-naturheilkunde.ch\/en\/wp-json\/wp\/v2\/media?parent=1732"}],"curies":[{"name":"wp","href":"https:\/\/api.w.org\/{rel}","templated":true}]}}